{"id":14257,"date":"2021-08-01T12:57:33","date_gmt":"2021-08-01T09:57:33","guid":{"rendered":"https:\/\/teknolojinet.xyz\/blog\/"},"modified":"2022-10-23T17:34:17","modified_gmt":"2022-10-23T14:34:17","slug":"blog","status":"publish","type":"page","link":"https:\/\/btuyum.com\/en\/blog\/","title":{"rendered":"BLOG"},"content":{"rendered":"\t\t<div data-elementor-type=\"wp-post\" data-elementor-id=\"14257\" class=\"elementor elementor-14257\">\n\t\t\t\t\t\t\t<div class=\"elementor-element elementor-element-7d034be e-container--column e-container\" data-id=\"7d034be\" data-element_type=\"container\">\t\t\t\t<div class=\"elementor-element elementor-element-4bd8e40 elementor-grid-eael-col-4 elementor-grid-tablet-eael-col-2 elementor-grid-mobile-eael-col-1 elementor-widget elementor-widget-eael-post-grid\" data-id=\"4bd8e40\" data-element_type=\"widget\" data-settings=\"{&quot;eael_post_grid_columns&quot;:&quot;eael-col-4&quot;,&quot;eael_post_grid_columns_tablet&quot;:&quot;eael-col-2&quot;,&quot;eael_post_grid_columns_mobile&quot;:&quot;eael-col-1&quot;}\" data-widget_type=\"eael-post-grid.default\">\n\t\t\t\t<div class=\"elementor-widget-container\">\n\t\t\t<div id=\"eael-post-grid-4bd8e40\" class=\"eael-post-grid-container\">\n            <div class=\"eael-post-grid eael-post-appender eael-post-appender-4bd8e40 eael-post-grid-style-default\" data-layout-mode=\"grid\"><article class=\"eael-grid-post eael-post-grid-column\" data-id=\"14258\">\n        <div class=\"eael-grid-post-holder\">\n            <div class=\"eael-grid-post-holder-inner\"><div class=\"eael-entry-media\"><div class=\"eael-entry-overlay fade-in\"><i class=\"fas fa-long-arrow-alt-right\" aria-hidden=\"true\"><\/i><a href=\"https:\/\/btuyum.com\/en\/sizma-testi-ve-iso-27001-uyumlulugu\/\"><\/a><\/div><div class=\"eael-entry-thumbnail eael-image-ratio\">\n                <img loading=\"lazy\" decoding=\"async\" width=\"300\" height=\"212\" src=\"https:\/\/btuyum.com\/wp-content\/uploads\/2022\/10\/exchange-of-ideas-222788_1920-300x212.jpeg\" class=\"attachment-medium size-medium\" alt=\"\" srcset=\"https:\/\/btuyum.com\/wp-content\/uploads\/2022\/10\/exchange-of-ideas-222788_1920-300x212.jpeg 300w, https:\/\/btuyum.com\/wp-content\/uploads\/2022\/10\/exchange-of-ideas-222788_1920-1024x724.jpeg 1024w, https:\/\/btuyum.com\/wp-content\/uploads\/2022\/10\/exchange-of-ideas-222788_1920-768x543.jpeg 768w, https:\/\/btuyum.com\/wp-content\/uploads\/2022\/10\/exchange-of-ideas-222788_1920-1536x1086.jpeg 1536w, https:\/\/btuyum.com\/wp-content\/uploads\/2022\/10\/exchange-of-ideas-222788_1920-480x339.jpeg 480w, https:\/\/btuyum.com\/wp-content\/uploads\/2022\/10\/exchange-of-ideas-222788_1920.jpeg 1920w\" sizes=\"auto, (max-width: 300px) 100vw, 300px\" title=\"SIZMA TEST\u0130 ve ISO 27001 UYUMLULU\u011eU\" \/>\n            <\/div>\n        <\/div><div class=\"eael-entry-wrapper\"><header class=\"eael-entry-header\"><h2 class=\"eael-entry-title\"><a\n                        class=\"eael-grid-post-link\"\n                        href=\"https:\/\/btuyum.com\/en\/sizma-testi-ve-iso-27001-uyumlulugu\/\"\n                        title=\"SIZMA TEST\u0130 ve ISO 27001 UYUMLULU\u011eU\">SIZMA TEST\u0130 ve ISO 27001 UYUMLULU\u011eU<\/a><\/h2><\/header><div class=\"eael-entry-content\">\n                        <div class=\"eael-grid-post-excerpt\"><p>Merhaba, ISO\/IEC 27001 standard\u0131 t\u00fcm d\u00fcnyada bilgi g\u00fcvenli\u011fi y\u00f6netim sistemi...<\/p><a\n                            href=\"https:\/\/btuyum.com\/en\/sizma-testi-ve-iso-27001-uyumlulugu\/\"\n                            class=\"eael-post-elements-readmore-btn\">Devam\u0131 <\/a><\/div>\n                    <\/div><div class=\"eael-entry-footer\"><div class=\"eael-entry-meta\"><\/div><\/div><\/div><\/div>\n        <\/div>\n    <\/article><\/div>\n            <div class=\"clearfix\"><\/div>\n        <\/div>\t\t<\/div>\n\t\t\t\t<\/div>\n\t\t<\/div>\t\t\t\t\t<\/div>\n\t\t","protected":false},"excerpt":{"rendered":"<p>SIZMA TEST\u0130 ve ISO 27001 UYUMLULU\u011eU Merhaba, ISO\/IEC 27001 standard\u0131 t\u00fcm d\u00fcnyada bilgi g\u00fcvenli\u011fi y\u00f6netim sistemi&#8230; Devam\u0131 KVKK KAPSAMINDA YAYINLANAN \u201cVER\u0130 KORUMA G\u00d6REVL\u0130S\u0130\u201d PROGRAMI \u00dcZER\u0130NE Ki\u015fisel Verileri Koruma Kurumu 06.12.2021 tarihinde yay\u0131nlad\u0131\u011f\u0131\u00a0Personel Sertifikasyon Mekanizmas\u0131na \u0130li\u015fkin&#8230; Devam\u0131 UYGULAMALI ISO 27001: \u0130NSAN KAYNAKLARI VE TEDAR\u0130K ISO 27001 standard\u0131 ve buna ba\u011fl\u0131 sertifikasyon uygulanmas\u0131,\u00a0 kamu ve&#8230; Devam\u0131 ISO\/IEC [&hellip;]<\/p>\n","protected":false},"author":1,"featured_media":0,"parent":0,"menu_order":0,"comment_status":"closed","ping_status":"closed","template":"","meta":{"footnotes":""},"class_list":["post-14257","page","type-page","status-publish","hentry"],"aioseo_notices":[],"_links":{"self":[{"href":"https:\/\/btuyum.com\/en\/wp-json\/wp\/v2\/pages\/14257","targetHints":{"allow":["GET"]}}],"collection":[{"href":"https:\/\/btuyum.com\/en\/wp-json\/wp\/v2\/pages"}],"about":[{"href":"https:\/\/btuyum.com\/en\/wp-json\/wp\/v2\/types\/page"}],"author":[{"embeddable":true,"href":"https:\/\/btuyum.com\/en\/wp-json\/wp\/v2\/users\/1"}],"replies":[{"embeddable":true,"href":"https:\/\/btuyum.com\/en\/wp-json\/wp\/v2\/comments?post=14257"}],"version-history":[{"count":14,"href":"https:\/\/btuyum.com\/en\/wp-json\/wp\/v2\/pages\/14257\/revisions"}],"predecessor-version":[{"id":14365,"href":"https:\/\/btuyum.com\/en\/wp-json\/wp\/v2\/pages\/14257\/revisions\/14365"}],"wp:attachment":[{"href":"https:\/\/btuyum.com\/en\/wp-json\/wp\/v2\/media?parent=14257"}],"curies":[{"name":"wp","href":"https:\/\/api.w.org\/{rel}","templated":true}]}}