{"id":14255,"date":"2022-10-17T16:18:43","date_gmt":"2022-10-17T13:18:43","guid":{"rendered":"https:\/\/teknolojinet.xyz\/egitimler\/kvkk-egitimi\/"},"modified":"2022-10-17T16:18:43","modified_gmt":"2022-10-17T13:18:43","slug":"kvkk-egitimi","status":"publish","type":"page","link":"https:\/\/btuyum.com\/en\/egitimler\/kvkk-egitimi\/","title":{"rendered":"KVKK E\u011e\u0130T\u0130M\u0130"},"content":{"rendered":"\t\t<div data-elementor-type=\"wp-page\" data-elementor-id=\"14255\" class=\"elementor elementor-14255\">\n\t\t\t\t\t\t\t<div class=\"elementor-element elementor-element-0549c3c e-container--column e-container\" data-id=\"0549c3c\" data-element_type=\"container\">\t\t\t\t<div class=\"elementor-element elementor-element-d40e1cf elementor-widget elementor-widget-text-editor\" data-id=\"d40e1cf\" data-element_type=\"widget\" data-widget_type=\"text-editor.default\">\n\t\t\t\t<div class=\"elementor-widget-container\">\n\t\t\t<style>\/*! elementor - v3.7.8 - 02-10-2022 *\/\n.elementor-widget-text-editor.elementor-drop-cap-view-stacked .elementor-drop-cap{background-color:#818a91;color:#fff}.elementor-widget-text-editor.elementor-drop-cap-view-framed .elementor-drop-cap{color:#818a91;border:3px solid;background-color:transparent}.elementor-widget-text-editor:not(.elementor-drop-cap-view-default) .elementor-drop-cap{margin-top:8px}.elementor-widget-text-editor:not(.elementor-drop-cap-view-default) .elementor-drop-cap-letter{width:1em;height:1em}.elementor-widget-text-editor .elementor-drop-cap{float:left;text-align:center;line-height:1;font-size:50px}.elementor-widget-text-editor .elementor-drop-cap-letter{display:inline-block}<\/style>\t\t\t\t<p><span>6698 say\u0131l\u0131 Ki\u015fisel Verilerin Korunmas\u0131 Kanunu 7 Nisan 2016 tarihinde yay\u0131mlanarak y\u00fcr\u00fcrl\u00fc\u011fe girmi\u015ftir.<\/span><\/p><p><span>(\u201cKVKK E\u011fitimi\u201d konusunu daha iyi anlayabilmek i\u00e7in, kanun ile ilgili temel bilgilere\u00a0<a href=\"https:\/\/muhammetoztemur.com\/kvkk\/\">buradan<\/a>\u00a0okuyarak ba\u015flaman\u0131z faydal\u0131 olacakt\u0131r.\u00a0 Ayr\u0131ca \u201cKVKK Dan\u0131\u015fmanl\u0131\u011f\u0131\u201d konusu da bu ba\u011flant\u0131dan eri\u015ferek incelemeniz faydal\u0131 olacakt\u0131r.)<\/span><\/p><p><span>Kurumlar\u0131n bu s\u00fcre\u00e7leri oturtabilmek i\u00e7in \u00e7o\u011funlukla yetkin bir payda\u015ftan dan\u0131\u015fmanl\u0131k deste\u011fi almalar\u0131 gerekmektedir.<\/span><\/p><p><span>Ancak \u00f6te yandan bu s\u00fcre\u00e7lerin sadece kurumun i\u00e7 kaynaklar\u0131 ile ilk a\u015famadan itibaren ele al\u0131nmas\u0131 biraz daha u\u011fra\u015ft\u0131r\u0131c\u0131 bir yol olsa da, uzun vadede daha kal\u0131c\u0131 sonu\u00e7lar verin faydal\u0131 bir yol olabilir.<\/span><\/p><p><span>Bunun d\u0131\u015f\u0131nda bazen de kurumlar\u0131n s\u00fcreci daha iyi anlamak ve oturtmak i\u00e7in bilgilenme ihtiyac\u0131 ortaya \u00e7\u0131kabilir.<\/span><\/p><p><span>Bu kapsamda kurumlar\u0131n KVKK konusundan yetkin bir e\u011fitim almas\u0131 faydal\u0131 olacakt\u0131r.<\/span><\/p><h5 class=\"\" data-fontsize=\"23\" data-lineheight=\"37.26px\"><span>Yetkinlik ve Hizmet Sa\u011flama<\/span><\/h5><p><span>BTUYUM olarak; gerek siber g\u00fcvenlik gerekse de s\u00fcre\u00e7 y\u00f6netimi konusunda uzman ve uluslararas\u0131 sertifikalara sahip dan\u0131\u015fman kadromuzla\u00a0 KVKK E\u011fitimi konusunda sizlere destek vermekteyiz.<\/span><\/p><p><span>E\u011fitim ile kurum personelinin s\u00fcre\u00e7leri dan\u0131\u015fmandan ba\u011f\u0131ms\u0131z olarak g\u00f6t\u00fcrebilecek \u015fekilde i\u00e7selle\u015ftirmesini de sa\u011flamaktay\u0131z.<\/span><\/p><p><span>Konu ile ilgili talepleriniz ve ek sorular\u0131n\u0131z i\u00e7in \u201cinfo@btuyum.com\u201d adresinden bize ula\u015fabilirsiniz<\/span><\/p>\t\t\t\t\t\t<\/div>\n\t\t\t\t<\/div>\n\t\t<\/div>\t\t\t\t\t<\/div>\n\t\t","protected":false},"excerpt":{"rendered":"<p>6698 say\u0131l\u0131 Ki\u015fisel Verilerin Korunmas\u0131 Kanunu 7 Nisan 2016 tarihinde yay\u0131mlanarak y\u00fcr\u00fcrl\u00fc\u011fe girmi\u015ftir. (\u201cKVKK E\u011fitimi\u201d konusunu daha iyi anlayabilmek i\u00e7in, kanun ile ilgili temel bilgilere\u00a0buradan\u00a0okuyarak ba\u015flaman\u0131z faydal\u0131 olacakt\u0131r.\u00a0 Ayr\u0131ca \u201cKVKK Dan\u0131\u015fmanl\u0131\u011f\u0131\u201d konusu da bu ba\u011flant\u0131dan eri\u015ferek incelemeniz faydal\u0131 olacakt\u0131r.) Kurumlar\u0131n bu s\u00fcre\u00e7leri oturtabilmek i\u00e7in \u00e7o\u011funlukla yetkin bir payda\u015ftan dan\u0131\u015fmanl\u0131k deste\u011fi almalar\u0131 gerekmektedir. Ancak \u00f6te yandan [&hellip;]<\/p>\n","protected":false},"author":1,"featured_media":0,"parent":14248,"menu_order":0,"comment_status":"closed","ping_status":"closed","template":"","meta":{"footnotes":""},"class_list":["post-14255","page","type-page","status-publish","hentry"],"aioseo_notices":[],"_links":{"self":[{"href":"https:\/\/btuyum.com\/en\/wp-json\/wp\/v2\/pages\/14255","targetHints":{"allow":["GET"]}}],"collection":[{"href":"https:\/\/btuyum.com\/en\/wp-json\/wp\/v2\/pages"}],"about":[{"href":"https:\/\/btuyum.com\/en\/wp-json\/wp\/v2\/types\/page"}],"author":[{"embeddable":true,"href":"https:\/\/btuyum.com\/en\/wp-json\/wp\/v2\/users\/1"}],"replies":[{"embeddable":true,"href":"https:\/\/btuyum.com\/en\/wp-json\/wp\/v2\/comments?post=14255"}],"version-history":[{"count":0,"href":"https:\/\/btuyum.com\/en\/wp-json\/wp\/v2\/pages\/14255\/revisions"}],"up":[{"embeddable":true,"href":"https:\/\/btuyum.com\/en\/wp-json\/wp\/v2\/pages\/14248"}],"wp:attachment":[{"href":"https:\/\/btuyum.com\/en\/wp-json\/wp\/v2\/media?parent=14255"}],"curies":[{"name":"wp","href":"https:\/\/api.w.org\/{rel}","templated":true}]}}