{"id":14252,"date":"2022-10-17T16:21:54","date_gmt":"2022-10-17T13:21:54","guid":{"rendered":"https:\/\/teknolojinet.xyz\/egitimler\/iso-17025-laboratuvar-akreditasyonu-egitimi\/"},"modified":"2022-10-17T16:21:54","modified_gmt":"2022-10-17T13:21:54","slug":"iso-17025-laboratuvar-akreditasyonu-egitimi","status":"publish","type":"page","link":"https:\/\/btuyum.com\/en\/egitimler\/iso-17025-laboratuvar-akreditasyonu-egitimi\/","title":{"rendered":"ISO 17025 Laboratuvar Akreditasyonu E\u011fitimi"},"content":{"rendered":"\t\t<div data-elementor-type=\"wp-page\" data-elementor-id=\"14252\" class=\"elementor elementor-14252\">\n\t\t\t\t\t\t\t<div class=\"elementor-element elementor-element-bda3054 e-container--column e-container\" data-id=\"bda3054\" data-element_type=\"container\">\t\t\t\t<div class=\"elementor-element elementor-element-3d0ce98 elementor-widget elementor-widget-text-editor\" data-id=\"3d0ce98\" data-element_type=\"widget\" data-widget_type=\"text-editor.default\">\n\t\t\t\t<div class=\"elementor-widget-container\">\n\t\t\t<style>\/*! elementor - v3.7.8 - 02-10-2022 *\/\n.elementor-widget-text-editor.elementor-drop-cap-view-stacked .elementor-drop-cap{background-color:#818a91;color:#fff}.elementor-widget-text-editor.elementor-drop-cap-view-framed .elementor-drop-cap{color:#818a91;border:3px solid;background-color:transparent}.elementor-widget-text-editor:not(.elementor-drop-cap-view-default) .elementor-drop-cap{margin-top:8px}.elementor-widget-text-editor:not(.elementor-drop-cap-view-default) .elementor-drop-cap-letter{width:1em;height:1em}.elementor-widget-text-editor .elementor-drop-cap{float:left;text-align:center;line-height:1;font-size:50px}.elementor-widget-text-editor .elementor-drop-cap-letter{display:inline-block}<\/style>\t\t\t\t<div class=\"blog-post \"><div class=\"container\"><article id=\"post-648\" class=\"section section-text\"><div class=\"row\"><div class=\"col-md-8 page-content-wrap  col-md-offset-2\"><p>Bu sayfa haz\u0131rlanma a\u015famas\u0131ndad\u0131r.<\/p><\/div><\/div><\/article><\/div><\/div><footer class=\"footer footer-black footer-big\"><div class=\"container\"><div class=\"hestia-bottom-footer-content\">\u00a0<\/div><\/div><\/footer>\t\t\t\t\t\t<\/div>\n\t\t\t\t<\/div>\n\t\t<\/div>\t\t\t\t\t<\/div>\n\t\t","protected":false},"excerpt":{"rendered":"<p>Bu sayfa haz\u0131rlanma a\u015famas\u0131ndad\u0131r. \u00a0<\/p>\n","protected":false},"author":1,"featured_media":0,"parent":14248,"menu_order":0,"comment_status":"closed","ping_status":"closed","template":"","meta":{"footnotes":""},"class_list":["post-14252","page","type-page","status-publish","hentry"],"aioseo_notices":[],"_links":{"self":[{"href":"https:\/\/btuyum.com\/en\/wp-json\/wp\/v2\/pages\/14252","targetHints":{"allow":["GET"]}}],"collection":[{"href":"https:\/\/btuyum.com\/en\/wp-json\/wp\/v2\/pages"}],"about":[{"href":"https:\/\/btuyum.com\/en\/wp-json\/wp\/v2\/types\/page"}],"author":[{"embeddable":true,"href":"https:\/\/btuyum.com\/en\/wp-json\/wp\/v2\/users\/1"}],"replies":[{"embeddable":true,"href":"https:\/\/btuyum.com\/en\/wp-json\/wp\/v2\/comments?post=14252"}],"version-history":[{"count":0,"href":"https:\/\/btuyum.com\/en\/wp-json\/wp\/v2\/pages\/14252\/revisions"}],"up":[{"embeddable":true,"href":"https:\/\/btuyum.com\/en\/wp-json\/wp\/v2\/pages\/14248"}],"wp:attachment":[{"href":"https:\/\/btuyum.com\/en\/wp-json\/wp\/v2\/media?parent=14252"}],"curies":[{"name":"wp","href":"https:\/\/api.w.org\/{rel}","templated":true}]}}