{"id":14241,"date":"2022-10-17T16:15:15","date_gmt":"2022-10-17T13:15:15","guid":{"rendered":"https:\/\/teknolojinet.xyz\/danismanlik-hizmetleri\/surec-yonetim-danismanligi\/"},"modified":"2022-12-13T23:53:43","modified_gmt":"2022-12-13T20:53:43","slug":"surec-yonetim-danismanligi","status":"publish","type":"page","link":"https:\/\/btuyum.com\/en\/danismanlik-hizmetleri\/surec-yonetim-danismanligi\/","title":{"rendered":"Process Management Consultancy"},"content":{"rendered":"\t\t<div data-elementor-type=\"wp-page\" data-elementor-id=\"14241\" class=\"elementor elementor-14241\">\n\t\t\t\t\t\t\t<div class=\"elementor-element elementor-element-fcac57e e-container--column e-container\" data-id=\"fcac57e\" data-element_type=\"container\">\t\t\t\t<div class=\"elementor-element elementor-element-500e301 elementor-widget elementor-widget-text-editor\" data-id=\"500e301\" data-element_type=\"widget\" data-widget_type=\"text-editor.default\">\n\t\t\t\t<div class=\"elementor-widget-container\">\n\t\t\t<style>\/*! elementor - v3.7.8 - 02-10-2022 *\/\n.elementor-widget-text-editor.elementor-drop-cap-view-stacked .elementor-drop-cap{background-color:#818a91;color:#fff}.elementor-widget-text-editor.elementor-drop-cap-view-framed .elementor-drop-cap{color:#818a91;border:3px solid;background-color:transparent}.elementor-widget-text-editor:not(.elementor-drop-cap-view-default) .elementor-drop-cap{margin-top:8px}.elementor-widget-text-editor:not(.elementor-drop-cap-view-default) .elementor-drop-cap-letter{width:1em;height:1em}.elementor-widget-text-editor .elementor-drop-cap{float:left;text-align:center;line-height:1;font-size:50px}.elementor-widget-text-editor .elementor-drop-cap-letter{display:inline-block}<\/style>\t\t\t\t<div class=\"col-md-8 page-content-wrap \"><p><b>S\u00fcre\u00e7 Nedir?<\/b><\/p><p><span>S\u00fcre\u00e7 kelimesi gerek g\u00fcnl\u00fck hayatta gerek i\u015f hayat\u0131nda gerekse de bilgi teknolojilerinin y\u00f6netiminde \u00e7ok yayg\u0131n kullan\u0131lan bir kavramd\u0131r.\u00a0 Kelimenin tan\u0131m\u0131na ilk olarak (tabiki ingilizce haliyle) \u201cAmerican Heritage\u201d s\u00f6zl\u00fc\u011f\u00fcnde 1970\u2019li y\u0131llarda rastlanmaktad\u0131r. Buna g\u00f6re s\u00fcre\u00e7, \u201c<\/span><span>bir son veya bir sonu\u00e7 meydana getiren bir dizi aktivite, de\u011fi\u015fiklik veya i\u015flev<\/span><span>\u201d olarak tan\u0131mlanm\u0131\u015ft\u0131r.<\/span><\/p><p><span>Sonraki zamanlarda s\u00fcre\u00e7 kelimesi i\u00e7in de\u011fi\u015fik tan\u0131mlamalar yap\u0131lm\u0131\u015f olsa da toplamda benzer bir yakla\u015f\u0131ma varmaktad\u0131r.<\/span><\/p><p><span>Buna g\u00f6re s\u00fcre\u00e7, \u201cbelirli girdileri olarak, \u00e7\u0131kt\u0131lar \u00fcreten\u00a0 d\u00fczenli ve planl\u0131 i\u015flemler dizini \u201d olarak tan\u0131mlan\u0131r.<\/span><\/p><p><span>\u0130\u015f hayat\u0131ndan \u00f6rnek vermek gerekirse; kurumlarda d\u00fczenli i\u015fleyen sat\u0131nalma \u00e7al\u0131\u015fmalar\u0131 veya i\u015fe al\u0131m \u00e7al\u0131\u015fmalar\u0131 \u00f6rnek verilebilir.<\/span><\/p><p><span>Bilgi teknolojileri ve g\u00fcvenli\u011fi a\u00e7\u0131s\u0131ndan \u00f6rnek vermek gerekirse; \u201cbilgi g\u00fcvenli\u011fi ihlallerinde m\u00fcdahale \u00e7al\u0131\u015fmalar\u0131\u201d, \u201cveri imha \u00e7al\u0131\u015fmalar\u0131\u201d ve \u201cde\u011fi\u015fiklik y\u00f6netimi \u00e7al\u0131\u015fmalar\u0131\u201d birer s\u00fcre\u00e7 olarak tan\u0131mlan\u0131p ona g\u00f6re i\u015flenebilir.\u00a0<\/span><\/p><p><b>S\u00fcre\u00e7 Bile\u015fenleri Nelerdir?<\/b><\/p><p><span>S\u00fcre\u00e7ler i\u00e7in en temel bile\u015fenleri; girdiler, \u00e7\u0131kt\u0131lar ve aktivitelerdir. Bununla beraber sa\u011fl\u0131kl\u0131 bir s\u00fcrecin a\u015fa\u011f\u0131daki bile\u015fenleri de i\u00e7ermesi fayda sa\u011flayacakt\u0131r.<\/span><\/p><ul><li aria-level=\"1\"><span>Girdiler<\/span><\/li><li aria-level=\"1\"><span>\u00c7\u0131kt\u0131lar<\/span><\/li><li aria-level=\"1\"><span>S\u00fcre\u00e7 aktiviteleri<\/span><\/li><li aria-level=\"1\"><span>Tedarik\u00e7iler (S\u00fcre\u00e7 girdilerini sa\u011flayan taraflar)<\/span><\/li><li aria-level=\"1\"><span>M\u00fc\u015fteriler (S\u00fcrecin sonucundan etkilenen taraflar)<\/span><\/li><li aria-level=\"1\"><span>Geri besleme mekanizmalar\u0131<\/span><\/li><li aria-level=\"1\"><span>S\u00fcre\u00e7 performans \u00f6l\u00e7\u00fcmleri<\/span><\/li><\/ul><p><b>BT G\u00fcvenli\u011fi ve S\u00fcre\u00e7 Y\u00f6netimi<\/b><\/p><p><span>S\u00fcre\u00e7 konusu, \u00fczerinde \u00e7ok daha fazla durulabilecek olduk\u00e7a geni\u015f bir konudur. Bunun \u00fczerinde derinlemesine analizler ve \u00e7al\u0131\u015fmalar yap\u0131lmaktad\u0131r.<\/span><\/p><p><span>Ancak olaya bir de daha basit ve i\u015flevsel a\u00e7\u0131dan bakmak gerekmektedir. Buna g\u00f6re s\u00fcre\u00e7; kurumlarda, i\u015flerin girdi ve \u00e7\u0131kt\u0131lar\u0131n\u0131n belli oldu\u011fu, belirli bir d\u00fczen i\u00e7erisinde i\u015fleyebilen payda\u015flar\u0131n kolayca ortak bir platformda bulu\u015farak \u00e7al\u0131\u015fmalar\u0131n\u0131 ger\u00e7ekle\u015ftirdi\u011fi d\u00fczenli i\u015f ak\u0131\u015f\u0131 olarak da tan\u0131mlanabilir.<\/span><\/p><p><span>BT G\u00fcvenli\u011fi ve Uyum konusunda yap\u0131lan kimi \u00e7al\u0131\u015fmalarda ve referans al\u0131nan standartlarda, bu s\u00fcre\u00e7 yap\u0131s\u0131 kendini a\u00e7\u0131k bir \u015fekilde belli eder. ITIL (information technology infrastructure library) buna g\u00fczel bir \u00f6rnektir (Standard\u0131n g\u00fcncel versiyonu olan ITIL v4\u2019de s\u00fcre\u00e7 \u00fczerinden g\u00f6steri yerine pratikler ortaya konsada s\u00fcre\u00e7 \u00fczerinden yap\u0131labilecek tan\u0131m halen ge\u00e7erlili\u011fini korumaktad\u0131r.).\u00a0 Kimi durumlarda ise, kurumlar ITIL gibi bir standarda ba\u011fl\u0131 olmaks\u0131z\u0131n kritik g\u00f6rd\u00fckleri \u00e7al\u0131\u015fma kapsamlar\u0131n\u0131 s\u00fcre\u00e7ler \u015feklinde tamamlayabilirler. \u00d6rne\u011fin, de\u011fi\u015fiklik y\u00f6netimleri ve veri ihlal olaylar\u0131 bir s\u00fcre\u00e7 halinde y\u00f6netilebilir. Benzer \u015fekilde Bilgi G\u00fcvenli\u011fi i\u00e7in en g\u00fcncel problemlerden biri olan Olay \u0130hlal Y\u00f6netimi (Incident Response)\u00a0 ve \u201cRansomware (fidye sald\u0131r\u0131s\u0131)\u201d durumunda al\u0131nacak aksiyonlar bir s\u00fcre\u00e7 halinde tan\u0131mlanabilir.<\/span><\/p><h5 class=\"fusion-responsive-typography-calculated\" data-fontsize=\"23\" data-lineheight=\"37.26px\"><span>Yetkinlik ve Hizmet Sa\u011flama<\/span><\/h5><p><span>BTUYUM olarak; gerek siber g\u00fcvenlik gerekse de s\u00fcre\u00e7 y\u00f6netimi konusunda uzman ve uluslararas\u0131 sertifikalara sahip dan\u0131\u015fman kadromuzla\u00a0 konusunda sizlere destek vermekteyiz.<\/span><\/p><p><span>\u00c7al\u0131\u015fmam\u0131z ile kurumun sadece d\u00fczenlemeler ile ilgili gereklerin temel olarak sa\u011flanmas\u0131 de\u011fil, kurum personelinin s\u00fcre\u00e7leri dan\u0131\u015fmandan ba\u011f\u0131ms\u0131z olarak g\u00f6t\u00fcrebilecek \u015fekilde i\u00e7selle\u015ftirmesini de sa\u011flamaktay\u0131z.<\/span><\/p><p><span>Konu ile ilgili talepleriniz ve ek sorular\u0131n\u0131z i\u00e7in \u201cinfo@btuyum.com\u201d adresinden bize ula\u015fabilirsiniz.<\/span><\/p><\/div><div class=\"col-md-3 blog-sidebar-wrapper\"><aside id=\"secondary\" class=\"blog-sidebar\" role=\"complementary\"><div id=\"custom_html-3\" class=\"widget_text widget widget_custom_html\"><div class=\"textwidget custom-html-widget\">\u00a0<\/div><\/div><div id=\"categories-2\" class=\"widget widget_categories\">\u00a0<\/div><\/aside><\/div>\t\t\t\t\t\t<\/div>\n\t\t\t\t<\/div>\n\t\t<\/div>\t\t\t\t\t<\/div>\n\t\t","protected":false},"excerpt":{"rendered":"<p>S\u00fcre\u00e7 Nedir? S\u00fcre\u00e7 kelimesi gerek g\u00fcnl\u00fck hayatta gerek i\u015f hayat\u0131nda gerekse de bilgi teknolojilerinin y\u00f6netiminde \u00e7ok yayg\u0131n kullan\u0131lan bir kavramd\u0131r.\u00a0 Kelimenin tan\u0131m\u0131na ilk olarak (tabiki ingilizce haliyle) \u201cAmerican Heritage\u201d s\u00f6zl\u00fc\u011f\u00fcnde 1970\u2019li y\u0131llarda rastlanmaktad\u0131r. Buna g\u00f6re s\u00fcre\u00e7, \u201cbir son veya bir sonu\u00e7 meydana getiren bir dizi aktivite, de\u011fi\u015fiklik veya i\u015flev\u201d olarak tan\u0131mlanm\u0131\u015ft\u0131r. Sonraki zamanlarda s\u00fcre\u00e7 kelimesi [&hellip;]<\/p>\n","protected":false},"author":1,"featured_media":0,"parent":14237,"menu_order":0,"comment_status":"closed","ping_status":"closed","template":"","meta":{"footnotes":""},"class_list":["post-14241","page","type-page","status-publish","hentry"],"aioseo_notices":[],"_links":{"self":[{"href":"https:\/\/btuyum.com\/en\/wp-json\/wp\/v2\/pages\/14241","targetHints":{"allow":["GET"]}}],"collection":[{"href":"https:\/\/btuyum.com\/en\/wp-json\/wp\/v2\/pages"}],"about":[{"href":"https:\/\/btuyum.com\/en\/wp-json\/wp\/v2\/types\/page"}],"author":[{"embeddable":true,"href":"https:\/\/btuyum.com\/en\/wp-json\/wp\/v2\/users\/1"}],"replies":[{"embeddable":true,"href":"https:\/\/btuyum.com\/en\/wp-json\/wp\/v2\/comments?post=14241"}],"version-history":[{"count":1,"href":"https:\/\/btuyum.com\/en\/wp-json\/wp\/v2\/pages\/14241\/revisions"}],"predecessor-version":[{"id":14456,"href":"https:\/\/btuyum.com\/en\/wp-json\/wp\/v2\/pages\/14241\/revisions\/14456"}],"up":[{"embeddable":true,"href":"https:\/\/btuyum.com\/en\/wp-json\/wp\/v2\/pages\/14237"}],"wp:attachment":[{"href":"https:\/\/btuyum.com\/en\/wp-json\/wp\/v2\/media?parent=14241"}],"curies":[{"name":"wp","href":"https:\/\/api.w.org\/{rel}","templated":true}]}}