{"id":14229,"date":"2022-10-17T15:58:21","date_gmt":"2022-10-17T12:58:21","guid":{"rendered":"https:\/\/teknolojinet.xyz\/iso-27001\/"},"modified":"2022-12-16T11:32:42","modified_gmt":"2022-12-16T08:32:42","slug":"iso-27001","status":"publish","type":"page","link":"https:\/\/btuyum.com\/en\/iso-27001\/","title":{"rendered":"ISO 27001"},"content":{"rendered":"\t\t<div data-elementor-type=\"wp-page\" data-elementor-id=\"14229\" class=\"elementor elementor-14229\">\n\t\t\t\t\t\t\t<div class=\"elementor-element elementor-element-347a221 e-container--column e-container\" data-id=\"347a221\" data-element_type=\"container\">\t\t\t\t<div class=\"elementor-element elementor-element-77bdbd9 elementor-widget elementor-widget-text-editor\" data-id=\"77bdbd9\" data-element_type=\"widget\" data-widget_type=\"text-editor.default\">\n\t\t\t\t<div class=\"elementor-widget-container\">\n\t\t\t<style>\/*! elementor - v3.7.8 - 02-10-2022 *\/\n.elementor-widget-text-editor.elementor-drop-cap-view-stacked .elementor-drop-cap{background-color:#818a91;color:#fff}.elementor-widget-text-editor.elementor-drop-cap-view-framed .elementor-drop-cap{color:#818a91;border:3px solid;background-color:transparent}.elementor-widget-text-editor:not(.elementor-drop-cap-view-default) .elementor-drop-cap{margin-top:8px}.elementor-widget-text-editor:not(.elementor-drop-cap-view-default) .elementor-drop-cap-letter{width:1em;height:1em}.elementor-widget-text-editor .elementor-drop-cap{float:left;text-align:center;line-height:1;font-size:50px}.elementor-widget-text-editor .elementor-drop-cap-letter{display:inline-block}<\/style>\t\t\t\t<p><span>ISO 27001 standard\u0131, kurum ve kurulu\u015flar\u0131n sahip olduklar\u0131 veya sorumlu olduklar\u0131 bilgi g\u00fcvenli\u011fi a\u00e7\u0131s\u0131ndan de\u011fer ifade eden\u00a0 varl\u0131klar\u0131n\u0131 korumalar\u0131na yard\u0131mc\u0131 olan temel uluslararas\u0131 bilgi g\u00fcvenli\u011fi standard\u0131d\u0131r.<\/span><\/p><p><span>Bu koruma sa\u011flan\u0131rken sadece gizlilik de\u011fil; b\u00fct\u00fcnl\u00fck ve eri\u015filebilirlik gibi bilgi g\u00fcvenli\u011finin di\u011fer boyutlar\u0131 da dikkate al\u0131n\u0131r.\u00a0<\/span><\/p><p><span>Standart, ilk olarak Uluslararas\u0131 Standardizasyon \u00d6rg\u00fct\u00fc ve Uluslararas\u0131 Elektroteknik Komisyonu taraf\u0131ndan 2005 y\u0131l\u0131nda ortakla\u015fa yay\u0131nlanm\u0131\u015f ve daha sonra 2013 y\u0131l\u0131nda revize edilmi\u015ftir. 2013 s\u00fcr\u00fcm\u00fc \u00fczerinden\u00a0<\/span><span>Yay\u0131nlanan 2 corrigendum nedeni ile g\u00fcncel versiyonu kimi yerlerde 27001:2017 olarak g\u00f6r\u00fclebilir. Bununla beraber resmi olarak standard\u0131n halen 2013 s\u00fcr\u00fcm\u00fc ge\u00e7erlidir.<\/span><\/p>\t\t\t\t\t\t<\/div>\n\t\t\t\t<\/div>\n\t\t\t\t<div class=\"elementor-element elementor-element-a8f020f elementor-widget elementor-widget-image\" data-id=\"a8f020f\" data-element_type=\"widget\" data-widget_type=\"image.default\">\n\t\t\t\t<div class=\"elementor-widget-container\">\n\t\t\t<style>\/*! elementor - v3.7.8 - 02-10-2022 *\/\n.elementor-widget-image{text-align:center}.elementor-widget-image a{display:inline-block}.elementor-widget-image a img[src$=\".svg\"]{width:48px}.elementor-widget-image img{vertical-align:middle;display:inline-block}<\/style>\t\t\t\t\t\t\t\t\t\t\t\t<img loading=\"lazy\" decoding=\"async\" width=\"620\" height=\"181\" src=\"https:\/\/btuyum.com\/wp-content\/uploads\/2022\/10\/iiso27001-hist.png\" class=\"attachment-large size-large\" alt=\"\" srcset=\"https:\/\/btuyum.com\/wp-content\/uploads\/2022\/10\/iiso27001-hist.png 620w, https:\/\/btuyum.com\/wp-content\/uploads\/2022\/10\/iiso27001-hist-300x88.png 300w, https:\/\/btuyum.com\/wp-content\/uploads\/2022\/10\/iiso27001-hist-480x140.png 480w\" sizes=\"auto, (max-width: 620px) 100vw, 620px\" title=\"iiso27001-hist\" \/>\t\t\t\t\t\t\t\t\t\t\t\t\t\t\t<\/div>\n\t\t\t\t<\/div>\n\t\t\t\t<div class=\"elementor-element elementor-element-144166a elementor-widget elementor-widget-text-editor\" data-id=\"144166a\" data-element_type=\"widget\" data-widget_type=\"text-editor.default\">\n\t\t\t\t<div class=\"elementor-widget-container\">\n\t\t\t\t\t\t\t<p><span>ISO 27001 standard\u0131n\u0131n uygulamas\u0131; kurumlar\u0131n bu standarda ba\u011fl\u0131 olarak bir Bilgi G\u00fcvenli\u011fi Y\u00f6netim Sistemi kurmas\u0131 ve bu sistemin belgelendirme kurulu\u015flar\u0131 taraf\u0131ndan denetlenerek sertifikaland\u0131r\u0131lmas\u0131 ile ger\u00e7ekle\u015ftirilir. Bu kapsamda s\u00fcre\u00e7 genel olarak a\u015fa\u011f\u0131daki ad\u0131mlar\u0131n izlenmesi ile sonuca ula\u015f\u0131r.<\/span><\/p>\t\t\t\t\t\t<\/div>\n\t\t\t\t<\/div>\n\t\t\t\t<div class=\"elementor-element elementor-element-0763382 elementor-widget elementor-widget-image\" data-id=\"0763382\" data-element_type=\"widget\" data-widget_type=\"image.default\">\n\t\t\t\t<div class=\"elementor-widget-container\">\n\t\t\t\t\t\t\t\t\t\t\t\t\t\t\t<img loading=\"lazy\" decoding=\"async\" width=\"760\" height=\"114\" src=\"https:\/\/btuyum.com\/wp-content\/uploads\/2022\/10\/Iso-surec.png\" class=\"attachment-large size-large\" alt=\"\" srcset=\"https:\/\/btuyum.com\/wp-content\/uploads\/2022\/10\/Iso-surec.png 760w, https:\/\/btuyum.com\/wp-content\/uploads\/2022\/10\/Iso-surec-300x45.png 300w, https:\/\/btuyum.com\/wp-content\/uploads\/2022\/10\/Iso-surec-480x72.png 480w\" sizes=\"auto, (max-width: 760px) 100vw, 760px\" title=\"Iso-surec\" \/>\t\t\t\t\t\t\t\t\t\t\t\t\t\t\t<\/div>\n\t\t\t\t<\/div>\n\t\t\t\t<div class=\"elementor-element elementor-element-05106ff elementor-widget elementor-widget-text-editor\" data-id=\"05106ff\" data-element_type=\"widget\" data-widget_type=\"text-editor.default\">\n\t\t\t\t<div class=\"elementor-widget-container\">\n\t\t\t\t\t\t\t<p><span>Kurumlar gerek sertifikasyon gerekse de sertifikasyon s\u00fcre\u00e7leri \u00f6ncesi profesyonel deste\u011fe ihtiya\u00e7 duyarlar. Bu kapsamda; gap analizi, e\u011fitim ve dan\u0131\u015fmanl\u0131k hizmetlerinden bir ya da birka\u00e7\u0131n\u0131 almalar\u0131 faydal\u0131 olacakt\u0131r.\u00a0\u00a0<\/span><\/p><p><span>ISO 27001 standard\u0131 ve sertifikasyon s\u00fcreci ile ilgili daha fazla bilgi edinmek i\u00e7in konu ile ilgili ek bilgilendirme yaz\u0131s\u0131n\u0131\u00a0<a href=\"https:\/\/muhammetoztemur.com\/2021\/07\/11\/iso-27001e-basla%E2%80%A6nmesi-gerekenler\/\">buradan<\/a>\u00a0eri\u015ferek okuman\u0131z faydal\u0131 olacakt\u0131r.<\/span><\/p>\t\t\t\t\t\t<\/div>\n\t\t\t\t<\/div>\n\t\t<\/div><div class=\"elementor-element elementor-element-ef5319b e-container--column e-container\" data-id=\"ef5319b\" data-element_type=\"container\">\t\t<\/div>\t\t\t\t\t<\/div>\n\t\t","protected":false},"excerpt":{"rendered":"<p>ISO 27001 standard\u0131, kurum ve kurulu\u015flar\u0131n sahip olduklar\u0131 veya sorumlu olduklar\u0131 bilgi g\u00fcvenli\u011fi a\u00e7\u0131s\u0131ndan de\u011fer ifade eden\u00a0 varl\u0131klar\u0131n\u0131 korumalar\u0131na yard\u0131mc\u0131 olan temel uluslararas\u0131 bilgi g\u00fcvenli\u011fi standard\u0131d\u0131r. Bu koruma sa\u011flan\u0131rken sadece gizlilik de\u011fil; b\u00fct\u00fcnl\u00fck ve eri\u015filebilirlik gibi bilgi g\u00fcvenli\u011finin di\u011fer boyutlar\u0131 da dikkate al\u0131n\u0131r.\u00a0 Standart, ilk olarak Uluslararas\u0131 Standardizasyon \u00d6rg\u00fct\u00fc ve Uluslararas\u0131 Elektroteknik Komisyonu taraf\u0131ndan 2005 [&hellip;]<\/p>\n","protected":false},"author":1,"featured_media":0,"parent":0,"menu_order":0,"comment_status":"closed","ping_status":"closed","template":"","meta":{"footnotes":""},"class_list":["post-14229","page","type-page","status-publish","hentry"],"aioseo_notices":[],"_links":{"self":[{"href":"https:\/\/btuyum.com\/en\/wp-json\/wp\/v2\/pages\/14229","targetHints":{"allow":["GET"]}}],"collection":[{"href":"https:\/\/btuyum.com\/en\/wp-json\/wp\/v2\/pages"}],"about":[{"href":"https:\/\/btuyum.com\/en\/wp-json\/wp\/v2\/types\/page"}],"author":[{"embeddable":true,"href":"https:\/\/btuyum.com\/en\/wp-json\/wp\/v2\/users\/1"}],"replies":[{"embeddable":true,"href":"https:\/\/btuyum.com\/en\/wp-json\/wp\/v2\/comments?post=14229"}],"version-history":[{"count":17,"href":"https:\/\/btuyum.com\/en\/wp-json\/wp\/v2\/pages\/14229\/revisions"}],"predecessor-version":[{"id":14583,"href":"https:\/\/btuyum.com\/en\/wp-json\/wp\/v2\/pages\/14229\/revisions\/14583"}],"wp:attachment":[{"href":"https:\/\/btuyum.com\/en\/wp-json\/wp\/v2\/media?parent=14229"}],"curies":[{"name":"wp","href":"https:\/\/api.w.org\/{rel}","templated":true}]}}